{"id":61,"date":"2025-09-07T09:33:19","date_gmt":"2025-09-07T09:33:19","guid":{"rendered":"https:\/\/sujuvo.fi\/?page_id=61"},"modified":"2025-11-28T09:31:09","modified_gmt":"2025-11-28T09:31:09","slug":"palvelut","status":"publish","type":"page","link":"https:\/\/sujuvo.fi\/?page_id=61","title":{"rendered":"Palvelut"},"content":{"rendered":"\n<div class=\"wp-block-columns is-layout-flex wp-container-core-columns-is-layout-a5331a9e wp-block-columns-is-layout-flex\" style=\"padding-top:0;padding-right:0;padding-bottom:0;padding-left:0\">\n<div class=\"wp-block-column has-background has-medium-font-size is-layout-flow wp-block-column-is-layout-flow\" style=\"border-radius:5px;background-color:#e1f4d8;padding-top:10px;padding-right:10px;padding-bottom:10px;padding-left:10px;box-shadow:var(--wp--preset--shadow--natural)\">\n<ul class=\"wp-block-list is-style-default\">\n<li><strong>1. Standard \u2013 Peruskonsultointi<\/strong><\/li>\n\n\n\n<li><strong>Kenelle:<\/strong> Pienet organisaatiot, jotka tarvitsevat tukea yksitt\u00e4isess\u00e4 j\u00e4rjestelm\u00e4ss\u00e4 (esim. SharePoint-sivuston rakenne tai Power automate ty\u00f6nkuilut).<\/li>\n\n\n\n<li><strong>Sis\u00e4lt\u00f6:<\/strong>\n<ul class=\"wp-block-list\">\n<li>Asiantuntija<\/li>\n\n\n\n<li>Tekninen ohjaus ja k\u00e4yt\u00e4nn\u00f6n toteutus<\/li>\n\n\n\n<li>Dokumentointi ja k\u00e4yt\u00f6n opastus<\/li>\n<\/ul>\n<\/li>\n<\/ul>\n<\/div>\n\n\n\n<div class=\"wp-block-column has-background has-medium-font-size is-layout-flow wp-block-column-is-layout-flow\" style=\"border-radius:5px;background-color:#e1f4d8;padding-top:10px;padding-right:10px;padding-bottom:10px;padding-left:10px;box-shadow:var(--wp--preset--shadow--natural)\">\n<ul class=\"wp-block-list\">\n<li><strong>2. Premium \u2013 Kehityskumppani<\/strong><\/li>\n\n\n\n<li><strong>Kenelle:<\/strong> Organisaatiot, jotka haluavat kehitt\u00e4\u00e4 toimintaansa pidemm\u00e4ll\u00e4 aikav\u00e4lill\u00e4.<\/li>\n\n\n\n<li><strong>Sis\u00e4lt\u00f6:<\/strong>\n<ul class=\"wp-block-list\">\n<li>R\u00e4\u00e4t\u00e4l\u00f6ity suunnittelu (Power Platform, automatisoinnit, raportointi)<\/li>\n\n\n\n<li>Yhteiset ty\u00f6pajat ja sparraus<\/li>\n\n\n\n<li>K\u00e4ytt\u00f6\u00f6notto ja koulutus henkil\u00f6st\u00f6lle<\/li>\n<\/ul>\n<\/li>\n<\/ul>\n<\/div>\n<\/div>\n\n\n\n<div class=\"wp-block-columns is-layout-flex wp-container-core-columns-is-layout-a5331a9e wp-block-columns-is-layout-flex\" style=\"padding-top:0;padding-right:0;padding-bottom:0;padding-left:0\">\n<div class=\"wp-block-column has-background has-medium-font-size is-layout-flow wp-block-column-is-layout-flow\" style=\"border-radius:5px;background-color:#e1f4d8;padding-top:10px;padding-right:10px;padding-bottom:10px;padding-left:10px;box-shadow:var(--wp--preset--shadow--natural)\">\n<ul class=\"wp-block-list\">\n<li><strong>3. Projektikohtainen \/ Interim \u2013 Kokenut asiantuntija taloon<\/strong><\/li>\n\n\n\n<li><strong>Kenelle:<\/strong> Organisaatiot, jotka tarvitsevat v\u00e4liaikaista vahvistusta johtamaan tai toteuttamaan kriittist\u00e4 projektia.<\/li>\n\n\n\n<li><strong>Sis\u00e4lt\u00f6:<\/strong>\n<ul class=\"wp-block-list\">\n<li>30+ vuoden kokemus IT-alalta<\/li>\n\n\n\n<li>Projektijohtaminen, prosessien sujuvoittaminen<\/li>\n\n\n\n<li>Tuloksiin sitoutunut ty\u00f6ote<\/li>\n<\/ul>\n<\/li>\n<\/ul>\n<\/div>\n\n\n\n<div class=\"wp-block-column has-background has-medium-font-size is-layout-flow wp-block-column-is-layout-flow\" style=\"border-radius:5px;background-color:#e1f4d8;padding-top:10px;padding-right:10px;padding-bottom:10px;padding-left:10px;box-shadow:var(--wp--preset--shadow--natural)\">\n<ul class=\"wp-block-list\">\n<li><strong>4. Sparraus<\/strong><\/li>\n\n\n\n<li><strong>Kenelle:<\/strong> Organisaatiot, jotka haluavat kehitt\u00e4\u00e4 toimintaansa Power Platform ty\u00f6kaluilla.<\/li>\n\n\n\n<li><strong>Sis\u00e4lt\u00f6:<\/strong>\n<ul class=\"wp-block-list\">\n<li>Miten p\u00e4\u00e4st\u00e4 alkuun<\/li>\n\n\n\n<li>Mit\u00e4 kaikkea voidaan automatisoida<\/li>\n\n\n\n<li>Miten ty\u00f6kalut toimivat<\/li>\n\n\n\n<li>K\u00e4yt\u00e4nn\u00f6nl\u00e4heist\u00e4 tekemist\u00e4 asiakkaan omassa ymp\u00e4rist\u00f6ss\u00e4<\/li>\n<\/ul>\n<\/li>\n<\/ul>\n<\/div>\n<\/div>\n\n\n\n<p class=\"has-text-align-center has-large-font-size\">Kysy tarjous tai varaa aika teht\u00e4v\u00e4kartoitukselle<\/p>\n\n\n\n<h2 class=\"wp-block-heading has-text-align-center\">Taikasanat<\/h2>\n\n\n\n<figure class=\"wp-block-image aligncenter size-full\"><a href=\"https:\/\/icons8.com\/icon\/VQRXVT8t0vHT\/magic-wand\" target=\"_blank\" rel=\" noreferrer noopener\"><img loading=\"lazy\" decoding=\"async\" width=\"48\" height=\"48\" src=\"https:\/\/sujuvo.fi\/wp-content\/uploads\/2025\/10\/icons8-magic-wand-48.png\" alt=\"\" class=\"wp-image-116\"\/><\/a><\/figure>\n\n\n\n<p>SharePoint, Power Apps, Power Automate, S\u00e4hk\u00f6inen arkistointi, Automatisoidut tietosuojan menetelm\u00e4t, Laskutusj\u00e4rjestelm\u00e4, IT-infran auditointi<\/p>\n\n\n\n<p>Kerro sin\u00e4 lis\u00e4\u00e4 mink\u00e4 asian haluat toteutettavan ketter\u00e4sti jo valmiina olevilla ratkaisuilla tai uuden asian toteutuksella<\/p>\n\n\n\n<p>Ota yhteytt\u00e4: <a href=\"https:\/\/sujuvo.fi\/?page_id=56\" data-type=\"page\" data-id=\"56\">Yhteystiedot<\/a><\/p>\n","protected":false},"excerpt":{"rendered":"<p>Kysy tarjous tai varaa aika teht\u00e4v\u00e4kartoitukselle Taikasanat SharePoint, Power Apps, Power Automate, S\u00e4hk\u00f6inen arkistointi, Automatisoidut tietosuojan menetelm\u00e4t, Laskutusj\u00e4rjestelm\u00e4, IT-infran auditointi Kerro sin\u00e4 lis\u00e4\u00e4 mink\u00e4 asian haluat toteutettavan ketter\u00e4sti jo valmiina olevilla ratkaisuilla tai uuden asian toteutuksella Ota yhteytt\u00e4: Yhteystiedot<\/p>\n","protected":false},"author":1,"featured_media":64,"parent":0,"menu_order":0,"comment_status":"closed","ping_status":"closed","template":"","meta":{"footnotes":""},"class_list":["post-61","page","type-page","status-publish","has-post-thumbnail","hentry"],"_links":{"self":[{"href":"https:\/\/sujuvo.fi\/index.php?rest_route=\/wp\/v2\/pages\/61","targetHints":{"allow":["GET"]}}],"collection":[{"href":"https:\/\/sujuvo.fi\/index.php?rest_route=\/wp\/v2\/pages"}],"about":[{"href":"https:\/\/sujuvo.fi\/index.php?rest_route=\/wp\/v2\/types\/page"}],"author":[{"embeddable":true,"href":"https:\/\/sujuvo.fi\/index.php?rest_route=\/wp\/v2\/users\/1"}],"replies":[{"embeddable":true,"href":"https:\/\/sujuvo.fi\/index.php?rest_route=%2Fwp%2Fv2%2Fcomments&post=61"}],"version-history":[{"count":15,"href":"https:\/\/sujuvo.fi\/index.php?rest_route=\/wp\/v2\/pages\/61\/revisions"}],"predecessor-version":[{"id":147,"href":"https:\/\/sujuvo.fi\/index.php?rest_route=\/wp\/v2\/pages\/61\/revisions\/147"}],"wp:featuredmedia":[{"embeddable":true,"href":"https:\/\/sujuvo.fi\/index.php?rest_route=\/wp\/v2\/media\/64"}],"wp:attachment":[{"href":"https:\/\/sujuvo.fi\/index.php?rest_route=%2Fwp%2Fv2%2Fmedia&parent=61"}],"curies":[{"name":"wp","href":"https:\/\/api.w.org\/{rel}","templated":true}]}}