{"id":3,"date":"2025-09-05T06:16:23","date_gmt":"2025-09-05T06:16:23","guid":{"rendered":"https:\/\/sujuvo.fi\/?page_id=3"},"modified":"2025-09-07T10:39:09","modified_gmt":"2025-09-07T10:39:09","slug":"privacy-policy","status":"publish","type":"page","link":"https:\/\/sujuvo.fi\/?page_id=3","title":{"rendered":"Tietosuojak\u00e4yt\u00e4nt\u00f6"},"content":{"rendered":"\n<hr class=\"wp-block-separator has-alpha-channel-opacity\"\/>\n\n\n\n<h3 class=\"wp-block-heading\">Keit\u00e4 me olemme<\/h3>\n\n\n\n<p>Verkkosivustomme osoite on: <a href=\"https:\/\/sujuvo.fi\/\" target=\"_blank\" rel=\"noreferrer noopener\">https:\/\/sujuvo.fi<\/a>.<\/p>\n\n\n\n<hr class=\"wp-block-separator has-alpha-channel-opacity\"\/>\n\n\n\n<h3 class=\"wp-block-heading\">Kommentit<\/h3>\n\n\n\n<p>Kun vierailijat j\u00e4tt\u00e4v\u00e4t kommentteja sivustolle, ker\u00e4\u00e4mme kommenttilomakkeessa n\u00e4kyv\u00e4t tiedot sek\u00e4 vierailijan IP-osoitteen ja selaimen k\u00e4ytt\u00e4j\u00e4agenttimerkkijonon roskapostin tunnistamisen helpottamiseksi.<sup>1<\/sup><\/p>\n\n\n\n<p>S\u00e4hk\u00f6postiosoitteestasi luotu anonymisoitu merkkijono<sup>2<\/sup> (tunnetaan my\u00f6s nimell\u00e4 <strong>hash<\/strong>) voidaan toimittaa Gravatar-palveluun sen selvitt\u00e4miseksi, k\u00e4yt\u00e4tk\u00f6 sit\u00e4. Gravatar-palvelun tietosuojak\u00e4yt\u00e4nt\u00f6 on saatavilla t\u00e4\u00e4ll\u00e4: <a target=\"_blank\" rel=\"noreferrer noopener\" href=\"https:\/\/automattic.com\/privacy\/\">https:\/\/automattic.com\/privacy\/<\/a>. Kun kommenttisi on hyv\u00e4ksytty, profiilikuvasi on julkisesti n\u00e4kyvill\u00e4 kommenttisi yhteydess\u00e4.<\/p>\n\n\n\n<hr class=\"wp-block-separator has-alpha-channel-opacity\"\/>\n\n\n\n<h3 class=\"wp-block-heading\">Media<\/h3>\n\n\n\n<p>Jos lataat kuvia verkkosivustolle, sinun tulisi v\u00e4ltt\u00e4\u00e4 kuvien lataamista, joihin on upotettu sijaintitietoja (EXIF GPS). Verkkosivuston vierailijat voivat ladata ja poimia kaiken sijaintitiedon verkkosivuston kuvista.<\/p>\n\n\n\n<hr class=\"wp-block-separator has-alpha-channel-opacity\"\/>\n\n\n\n<h3 class=\"wp-block-heading\">Ev\u00e4steet<\/h3>\n\n\n\n<p>Jos j\u00e4t\u00e4t kommentin sivustollemme, voit valita nimesi, s\u00e4hk\u00f6postiosoitteesi ja verkkosivustosi tallentamisen ev\u00e4steisiin. N\u00e4m\u00e4 on tarkoitettu k\u00e4ytt\u00f6mukavuuttasi varten, jotta sinun ei tarvitse t\u00e4ytt\u00e4\u00e4 tietojasi uudelleen, kun j\u00e4t\u00e4t toisen kommentin. N\u00e4m\u00e4 ev\u00e4steet s\u00e4ilyv\u00e4t yhden vuoden.<\/p>\n\n\n\n<p>Jos vierailet kirjautumissivullamme, asetamme v\u00e4liaikaisen ev\u00e4steen sen m\u00e4\u00e4ritt\u00e4miseksi, hyv\u00e4ksyyk\u00f6 selaimesi ev\u00e4steet. T\u00e4m\u00e4 ev\u00e4ste ei sis\u00e4ll\u00e4 henkil\u00f6tietoja, ja se hyl\u00e4t\u00e4\u00e4n, kun suljet selaimesi.<\/p>\n\n\n\n<p>Kun kirjaudut sis\u00e4\u00e4n, asetamme my\u00f6s useita ev\u00e4steit\u00e4 tallentamaan kirjautumistietosi ja n\u00e4ytt\u00f6valintasi. Kirjautumisev\u00e4steet s\u00e4ilyv\u00e4t kaksi p\u00e4iv\u00e4\u00e4 ja n\u00e4ytt\u00f6valinnat yhden vuoden. Jos valitset \u201dMuista minut\u201d, kirjautumisesi s\u00e4ilyy kaksi viikkoa. Jos kirjaudut ulos tililt\u00e4si, kirjautumisev\u00e4steet poistetaan.<sup>3<\/sup><\/p>\n\n\n\n<p>Jos muokkaat tai julkaiset artikkelin, selaimeesi tallennetaan lis\u00e4ev\u00e4ste. T\u00e4m\u00e4 ev\u00e4ste ei sis\u00e4ll\u00e4 henkil\u00f6tietoja<sup>4<\/sup> ja ilmoittaa ainoastaan muokkaamasi artikkelin tunnisteen. Se vanhenee 1 p\u00e4iv\u00e4n kuluttua.<\/p>\n\n\n\n<hr class=\"wp-block-separator has-alpha-channel-opacity\"\/>\n\n\n\n<h3 class=\"wp-block-heading\">Upotettu sis\u00e4lt\u00f6 muilta verkkosivustoilta<\/h3>\n\n\n\n<p>T\u00e4m\u00e4n sivuston artikkelit voivat sis\u00e4lt\u00e4\u00e4 upotettua sis\u00e4lt\u00f6\u00e4 (esim. videoita, kuvia, artikkeleita jne.). Muilta verkkosivustoilta upotettu sis\u00e4lt\u00f6 k\u00e4ytt\u00e4ytyy t\u00e4sm\u00e4lleen samalla tavalla kuin jos vierailija olisi vieraillut toisella verkkosivustolla.<\/p>\n\n\n\n<p>N\u00e4m\u00e4 verkkosivustot voivat ker\u00e4t\u00e4 tietoa sinusta, k\u00e4ytt\u00e4\u00e4 ev\u00e4steit\u00e4, upottaa ylim\u00e4\u00e4r\u00e4isi\u00e4 kolmannen osapuolen seurantatunnisteita ja seurata vuorovaikutustasi kyseisen upotetun sis\u00e4ll\u00f6n kanssa, mukaan lukien vuorovaikutuksen seuraamisen upotetun sis\u00e4ll\u00f6n kanssa, jos sinulla on tili ja olet kirjautunut sis\u00e4\u00e4n kyseiselle verkkosivustolle.<\/p>\n\n\n\n<hr class=\"wp-block-separator has-alpha-channel-opacity\"\/>\n\n\n\n<h3 class=\"wp-block-heading\">Kenen kanssa jaamme tietojasi<\/h3>\n\n\n\n<p>Jos pyyd\u00e4t salasanan vaihtoa, IP-osoitteesi sis\u00e4llytet\u00e4\u00e4n vaihtoa koskevaan s\u00e4hk\u00f6postiin.<\/p>\n\n\n\n<hr class=\"wp-block-separator has-alpha-channel-opacity\"\/>\n\n\n\n<h3 class=\"wp-block-heading\">Kuinka kauan s\u00e4ilyt\u00e4mme tietojasi<\/h3>\n\n\n\n<p>Jos j\u00e4t\u00e4t kommentin, kommentti ja sen metatiedot s\u00e4ilytet\u00e4\u00e4n toistaiseksi. T\u00e4m\u00e4 on tarkoitettu, jotta voimme automaattisesti tunnistaa ja hyv\u00e4ksy\u00e4 kaikki seurantakommentit sen sijaan, ett\u00e4 joutuisimme pit\u00e4m\u00e4\u00e4n niit\u00e4 moderointijonossa.<\/p>\n\n\n\n<p>K\u00e4ytt\u00e4jille, jotka rekister\u00f6ityv\u00e4t verkkosivustollemme (jos sellaisia on), tallennamme my\u00f6s heid\u00e4n k\u00e4ytt\u00e4j\u00e4profiilissaan antamansa henkil\u00f6tiedot. Kaikki k\u00e4ytt\u00e4j\u00e4t voivat n\u00e4hd\u00e4, muokata tai poistaa henkil\u00f6tietojaan milloin tahansa (paitsi he eiv\u00e4t voi muuttaa k\u00e4ytt\u00e4j\u00e4tunnustaan). Verkkosivuston yll\u00e4pit\u00e4j\u00e4t voivat my\u00f6s n\u00e4hd\u00e4 ja muokata kyseisi\u00e4 tietoja.<\/p>\n\n\n\n<hr class=\"wp-block-separator has-alpha-channel-opacity\"\/>\n\n\n\n<h3 class=\"wp-block-heading\">Mit\u00e4 oikeuksia sinulla on tietojasi koskien<\/h3>\n\n\n\n<p>Jos sinulla on tili t\u00e4ll\u00e4 sivustolla tai olet j\u00e4tt\u00e4nyt kommentteja, voit pyyt\u00e4\u00e4 saamaan tiedoston henkil\u00f6tiedoista, joita s\u00e4ilyt\u00e4mme sinusta, mukaan lukien kaikki tiedot, jotka olet antanut meille. Voit my\u00f6s pyyt\u00e4\u00e4, ett\u00e4 poistamme kaikki henkil\u00f6tiedot, joita s\u00e4ilyt\u00e4mme sinusta. T\u00e4m\u00e4 ei koske tietoja, jotka meill\u00e4 on velvollisuus s\u00e4ilytt\u00e4\u00e4 hallinnollisia, laillisia tai turvallisuussyit\u00e4 varten.<\/p>\n\n\n\n<hr class=\"wp-block-separator has-alpha-channel-opacity\"\/>\n\n\n\n<h3 class=\"wp-block-heading\">Minne tietojasi l\u00e4hetet\u00e4\u00e4n<\/h3>\n\n\n\n<p>Vierailijoiden kommentit voidaan tarkistaa automaattisen roskapostintunnistuspalvelun kautta.<\/p>\n","protected":false},"excerpt":{"rendered":"<p>Keit\u00e4 me olemme Verkkosivustomme osoite on: https:\/\/sujuvo.fi. Kommentit Kun vierailijat j\u00e4tt\u00e4v\u00e4t kommentteja sivustolle, ker\u00e4\u00e4mme kommenttilomakkeessa n\u00e4kyv\u00e4t tiedot sek\u00e4 vierailijan IP-osoitteen ja selaimen k\u00e4ytt\u00e4j\u00e4agenttimerkkijonon roskapostin tunnistamisen helpottamiseksi.1 S\u00e4hk\u00f6postiosoitteestasi luotu anonymisoitu merkkijono2 (tunnetaan my\u00f6s nimell\u00e4 hash) voidaan toimittaa Gravatar-palveluun sen selvitt\u00e4miseksi, k\u00e4yt\u00e4tk\u00f6 sit\u00e4. Gravatar-palvelun tietosuojak\u00e4yt\u00e4nt\u00f6 on saatavilla t\u00e4\u00e4ll\u00e4: https:\/\/automattic.com\/privacy\/. Kun kommenttisi on hyv\u00e4ksytty, profiilikuvasi on julkisesti n\u00e4kyvill\u00e4 [&hellip;]<\/p>\n","protected":false},"author":1,"featured_media":0,"parent":0,"menu_order":0,"comment_status":"closed","ping_status":"open","template":"","meta":{"footnotes":""},"class_list":["post-3","page","type-page","status-publish","hentry"],"_links":{"self":[{"href":"https:\/\/sujuvo.fi\/index.php?rest_route=\/wp\/v2\/pages\/3","targetHints":{"allow":["GET"]}}],"collection":[{"href":"https:\/\/sujuvo.fi\/index.php?rest_route=\/wp\/v2\/pages"}],"about":[{"href":"https:\/\/sujuvo.fi\/index.php?rest_route=\/wp\/v2\/types\/page"}],"author":[{"embeddable":true,"href":"https:\/\/sujuvo.fi\/index.php?rest_route=\/wp\/v2\/users\/1"}],"replies":[{"embeddable":true,"href":"https:\/\/sujuvo.fi\/index.php?rest_route=%2Fwp%2Fv2%2Fcomments&post=3"}],"version-history":[{"count":1,"href":"https:\/\/sujuvo.fi\/index.php?rest_route=\/wp\/v2\/pages\/3\/revisions"}],"predecessor-version":[{"id":76,"href":"https:\/\/sujuvo.fi\/index.php?rest_route=\/wp\/v2\/pages\/3\/revisions\/76"}],"wp:attachment":[{"href":"https:\/\/sujuvo.fi\/index.php?rest_route=%2Fwp%2Fv2%2Fmedia&parent=3"}],"curies":[{"name":"wp","href":"https:\/\/api.w.org\/{rel}","templated":true}]}}